{"id":16,"date":"2023-06-22T21:18:52","date_gmt":"2023-06-22T21:18:52","guid":{"rendered":"https:\/\/masterjobs.com.br\/?page_id=16"},"modified":"2024-08-05T12:09:20","modified_gmt":"2024-08-05T15:09:20","slug":"contato","status":"publish","type":"page","link":"https:\/\/masterjobs.com.br\/en_usa\/contato\/","title":{"rendered":"Contact"},"content":{"rendered":"<p>Do you have any questions or suggestions? We&#039;d love to hear from you. Please email us at <strong>contato@masterjobs.com.br<\/strong> and our team will be in touch with you shortly. We are ready to hear from you. We look forward to hearing from you.<\/p>\n\n\n\n<p>Jobs and Apps Team<\/p>","protected":false},"excerpt":{"rendered":"<p>\u00bfTiene alguna pregunta o sugerencia? Nos encantar\u00eda conocer su opini\u00f3n. Env\u00ede un correo electr\u00f3nico a contato@masterjobs.com.br y nuestro equipo se pondr\u00e1 en contacto con usted en breve. Estamos listos para escucharle. Estamos deseando escucharle. Equipo Jobs e Apps<\/p>","protected":false},"author":1,"featured_media":0,"parent":0,"menu_order":0,"comment_status":"closed","ping_status":"closed","template":"","meta":{"footnotes":""},"class_list":["post-16","page","type-page","status-publish","hentry"],"yoast_head":"<!-- This site is optimized with the Yoast SEO plugin v25.6 - https:\/\/yoast.com\/wordpress\/plugins\/seo\/ -->\n<title>Contacto - Jobs &amp; Apps<\/title>\n<meta name=\"robots\" content=\"index, follow, max-snippet:-1, max-image-preview:large, max-video-preview:-1\" \/>\n<link rel=\"canonical\" href=\"https:\/\/masterjobs.com.br\/en_usa\/contato\/\" \/>\n<meta property=\"og:locale\" content=\"en_US\" \/>\n<meta property=\"og:type\" content=\"article\" \/>\n<meta property=\"og:title\" content=\"Contacto - Jobs &amp; Apps\" \/>\n<meta property=\"og:description\" content=\"\u00bfTiene alguna pregunta o sugerencia? Nos encantar\u00eda conocer su opini\u00f3n. Env\u00ede un correo electr\u00f3nico a contato@masterjobs.com.br y nuestro equipo se pondr\u00e1 en contacto con usted en breve. Estamos listos para escucharle. Estamos deseando escucharle. Equipo Jobs e Apps\" \/>\n<meta property=\"og:url\" content=\"https:\/\/masterjobs.com.br\/en_usa\/contato\/\" \/>\n<meta property=\"og:site_name\" content=\"Jobs &amp; Apps\" \/>\n<meta property=\"article:modified_time\" content=\"2024-08-05T15:09:20+00:00\" \/>\n<meta name=\"twitter:card\" content=\"summary_large_image\" \/>\n<meta name=\"twitter:label1\" content=\"Est. reading time\" \/>\n\t<meta name=\"twitter:data1\" content=\"1 minute\" \/>\n<script type=\"application\/ld+json\" class=\"yoast-schema-graph\">{\"@context\":\"https:\/\/schema.org\",\"@graph\":[{\"@type\":\"WebPage\",\"@id\":\"https:\/\/masterjobs.com.br\/contato\/\",\"url\":\"https:\/\/masterjobs.com.br\/contato\/\",\"name\":\"Contacto - Jobs &amp; Apps\",\"isPartOf\":{\"@id\":\"https:\/\/masterjobs.com.br\/#website\"},\"datePublished\":\"2023-06-22T21:18:52+00:00\",\"dateModified\":\"2024-08-05T15:09:20+00:00\",\"breadcrumb\":{\"@id\":\"https:\/\/masterjobs.com.br\/contato\/#breadcrumb\"},\"inLanguage\":\"en-US\",\"potentialAction\":[{\"@type\":\"ReadAction\",\"target\":[\"https:\/\/masterjobs.com.br\/contato\/\"]}]},{\"@type\":\"BreadcrumbList\",\"@id\":\"https:\/\/masterjobs.com.br\/contato\/#breadcrumb\",\"itemListElement\":[{\"@type\":\"ListItem\",\"position\":1,\"name\":\"Home\",\"item\":\"https:\/\/masterjobs.com.br\/\"},{\"@type\":\"ListItem\",\"position\":2,\"name\":\"Contacto\"}]},{\"@type\":\"WebSite\",\"@id\":\"https:\/\/masterjobs.com.br\/#website\",\"url\":\"https:\/\/masterjobs.com.br\/\",\"name\":\"Jobs & Apps\",\"description\":\"Dicas de Emprego e Aplicativos\",\"publisher\":{\"@id\":\"https:\/\/masterjobs.com.br\/#\/schema\/person\/7b0a8991c4aa9b61c0c086c7f8b07c0e\"},\"potentialAction\":[{\"@type\":\"SearchAction\",\"target\":{\"@type\":\"EntryPoint\",\"urlTemplate\":\"https:\/\/masterjobs.com.br\/?s={search_term_string}\"},\"query-input\":{\"@type\":\"PropertyValueSpecification\",\"valueRequired\":true,\"valueName\":\"search_term_string\"}}],\"inLanguage\":\"en-US\"},{\"@type\":[\"Person\",\"Organization\"],\"@id\":\"https:\/\/masterjobs.com.br\/#\/schema\/person\/7b0a8991c4aa9b61c0c086c7f8b07c0e\",\"name\":\"valadares\",\"image\":{\"@type\":\"ImageObject\",\"inLanguage\":\"en-US\",\"@id\":\"https:\/\/masterjobs.com.br\/#\/schema\/person\/image\/\",\"url\":\"http:\/\/masterjobs.com.br\/wp-content\/uploads\/2023\/06\/Icone-para-Youtube-Vlog-Gradiente.jpg\",\"contentUrl\":\"http:\/\/masterjobs.com.br\/wp-content\/uploads\/2023\/06\/Icone-para-Youtube-Vlog-Gradiente.jpg\",\"width\":800,\"height\":800,\"caption\":\"valadares\"},\"logo\":{\"@id\":\"https:\/\/masterjobs.com.br\/#\/schema\/person\/image\/\"},\"sameAs\":[\"https:\/\/masterjobs.com.br\"]}]}<\/script>\n<!-- \/ Yoast SEO plugin. -->","yoast_head_json":{"title":"Contacto - Jobs &amp; Apps","robots":{"index":"index","follow":"follow","max-snippet":"max-snippet:-1","max-image-preview":"max-image-preview:large","max-video-preview":"max-video-preview:-1"},"canonical":"https:\/\/masterjobs.com.br\/en_usa\/contato\/","og_locale":"en_US","og_type":"article","og_title":"Contacto - Jobs &amp; Apps","og_description":"\u00bfTiene alguna pregunta o sugerencia? Nos encantar\u00eda conocer su opini\u00f3n. Env\u00ede un correo electr\u00f3nico a contato@masterjobs.com.br y nuestro equipo se pondr\u00e1 en contacto con usted en breve. Estamos listos para escucharle. Estamos deseando escucharle. Equipo Jobs e Apps","og_url":"https:\/\/masterjobs.com.br\/en_usa\/contato\/","og_site_name":"Jobs &amp; Apps","article_modified_time":"2024-08-05T15:09:20+00:00","twitter_card":"summary_large_image","twitter_misc":{"Est. reading time":"1 minute"},"schema":{"@context":"https:\/\/schema.org","@graph":[{"@type":"WebPage","@id":"https:\/\/masterjobs.com.br\/contato\/","url":"https:\/\/masterjobs.com.br\/contato\/","name":"Contacto - Jobs &amp; Apps","isPartOf":{"@id":"https:\/\/masterjobs.com.br\/#website"},"datePublished":"2023-06-22T21:18:52+00:00","dateModified":"2024-08-05T15:09:20+00:00","breadcrumb":{"@id":"https:\/\/masterjobs.com.br\/contato\/#breadcrumb"},"inLanguage":"en-US","potentialAction":[{"@type":"ReadAction","target":["https:\/\/masterjobs.com.br\/contato\/"]}]},{"@type":"BreadcrumbList","@id":"https:\/\/masterjobs.com.br\/contato\/#breadcrumb","itemListElement":[{"@type":"ListItem","position":1,"name":"Home","item":"https:\/\/masterjobs.com.br\/"},{"@type":"ListItem","position":2,"name":"Contacto"}]},{"@type":"WebSite","@id":"https:\/\/masterjobs.com.br\/#website","url":"https:\/\/masterjobs.com.br\/","name":"Jobs & Apps","description":"Employment and Application Notices","publisher":{"@id":"https:\/\/masterjobs.com.br\/#\/schema\/person\/7b0a8991c4aa9b61c0c086c7f8b07c0e"},"potentialAction":[{"@type":"SearchAction","target":{"@type":"EntryPoint","urlTemplate":"https:\/\/masterjobs.com.br\/?s={search_term_string}"},"query-input":{"@type":"PropertyValueSpecification","valueRequired":true,"valueName":"search_term_string"}}],"inLanguage":"en-US"},{"@type":["Person","Organization"],"@id":"https:\/\/masterjobs.com.br\/#\/schema\/person\/7b0a8991c4aa9b61c0c086c7f8b07c0e","name":"valadares","image":{"@type":"ImageObject","inLanguage":"en-US","@id":"https:\/\/masterjobs.com.br\/#\/schema\/person\/image\/","url":"http:\/\/masterjobs.com.br\/wp-content\/uploads\/2023\/06\/Icone-para-Youtube-Vlog-Gradiente.jpg","contentUrl":"http:\/\/masterjobs.com.br\/wp-content\/uploads\/2023\/06\/Icone-para-Youtube-Vlog-Gradiente.jpg","width":800,"height":800,"caption":"valadares"},"logo":{"@id":"https:\/\/masterjobs.com.br\/#\/schema\/person\/image\/"},"sameAs":["https:\/\/masterjobs.com.br"]}]}},"_links":{"self":[{"href":"https:\/\/masterjobs.com.br\/en_usa\/wp-json\/wp\/v2\/pages\/16","targetHints":{"allow":["GET"]}}],"collection":[{"href":"https:\/\/masterjobs.com.br\/en_usa\/wp-json\/wp\/v2\/pages"}],"about":[{"href":"https:\/\/masterjobs.com.br\/en_usa\/wp-json\/wp\/v2\/types\/page"}],"author":[{"embeddable":true,"href":"https:\/\/masterjobs.com.br\/en_usa\/wp-json\/wp\/v2\/users\/1"}],"replies":[{"embeddable":true,"href":"https:\/\/masterjobs.com.br\/en_usa\/wp-json\/wp\/v2\/comments?post=16"}],"version-history":[{"count":0,"href":"https:\/\/masterjobs.com.br\/en_usa\/wp-json\/wp\/v2\/pages\/16\/revisions"}],"wp:attachment":[{"href":"https:\/\/masterjobs.com.br\/en_usa\/wp-json\/wp\/v2\/media?parent=16"}],"curies":[{"name":"wp","href":"https:\/\/api.w.org\/{rel}","templated":true}]}}